{"id":1586,"date":"2020-09-10T15:40:05","date_gmt":"2020-09-10T15:40:05","guid":{"rendered":"https:\/\/fdp-bad-mergentheim.de\/?page_id=1586"},"modified":"2025-05-01T15:13:26","modified_gmt":"2025-05-01T15:13:26","slug":"rueckblick","status":"publish","type":"page","link":"https:\/\/fdp-bad-mergentheim.de\/?page_id=1586","title":{"rendered":"R\u00fcckblick"},"content":{"rendered":"<h3><span style=\"color: #ffffff;\">Aus dem Landesverband<\/span><\/h3>\n<h4><span style=\"color: #ffed00;\"> \u2731 Nachrichten vom Landesparteitag am 18. Juli 2020 in Karlruhe <\/span><\/h4>\n<p><a href=\"https:\/\/www.fdpbw.de\/landesparteitag-fdp-baden-wuerttemberg-verabschiedet-landtagswahlprogramm-ruelke-spitzenkandidat-theurer-schwoert-partei-auf-doppelwahljahr-ein\/\"><span style=\"color: #e5007d;\">Website<\/span><\/a><\/p>\n<h3><span style=\"color: #ffffff;\">Aus dem Kreisverband <\/span><\/h3>\n<h4><span style=\"color: #ffed00;\">\u2609 Ingo Brudereck<\/span><\/h4>\n<p><strong><a href=\"https:\/\/fdp-bad-mergentheim.de\/wp-content\/uploads\/2025\/04\/2025-04-30-FDP-MT-Einladung-Mitgliederversammlung.pdf\"><span style=\"color: #e5007d;\"> \u2738 Einladung zur ordentlichen Kreismitgliederversammlung<br \/>\n&nbsp; &nbsp; am Mittwoch, den 30. April 2025  <\/span><\/a><br \/>\n<strong><a href=\"https:\/\/fdp-bad-mergentheim.de\/wp-content\/uploads\/2025\/02\/2025-02-25-FDP-Nachlese-und-liberaler-Blick-in-die-Zukunft-OK.pdf\"><span style=\"color: #e5007d;\"> \u2738 Nachlese und liberaler Blick in die Zukunft  <\/span><\/a><br \/>\n<strong><a href=\"https:\/\/fdp-bad-mergentheim.de\/wp-content\/uploads\/2025\/01\/2025-01-05-FDP-TBB-Termine-Brudereck-ok.pdf\"><span style=\"color: #e5007d;\"> \u2738 Termintabelle <\/span><\/a><br \/>\n<strong><span style=\"color: #ffed00;\"> FDP-Ehrenvorsitzender Rolf Hammer feierte 80. Geburtstag<\/span><a href=\"https:\/\/fdp-bad-mergentheim.de\/wp-content\/uploads\/2021\/11\/2021-11-20-FDP-Ehrenvorsitzender-Rolf-Hammer-feierte-80-Geburtstag.pdf\"><br \/>\n<strong><span style=\"color: #e5007d;\">Pressebericht Kreisverband<\/span><\/strong><\/a><\/strong><br \/>\n<strong><span style=\"color: #ffed00;\"> Benjamin Denzer:<\/span><br \/>\n<a href=\"https:\/\/fdp-bad-mergentheim.de\/wp-content\/uploads\/2023\/01\/Jahresabschluss-2022.pdf\"><span style=\"color: #e5007d;\"> Jahresabschlussfeier 2022 in Bad Mergentheim mit Ehrungen<\/span><\/a><\/strong><br \/>\n<strong><span style=\"color: #ffed00;\">\u261e FDP-Bezirksparteitag in Franken am Samstag, dem 13. November 2021<br \/>\num 16.00 Uhr im Sitzungssaal der Stadt Lauda-K\u00f6nigshofen <\/span><a href=\"http:\/\/www.fdp-main-tauber.de\/aktuelles\/?q=263\"><br \/>\n<span style=\"color: #e5007d;\">Bericht<\/span><\/a><\/strong><br \/>\n<strong><strong><span style=\"color: #ffed00;\">Timo Breuninger, FDP-Bundestagskandidat im Wahlkreis Odenwald-Tauber<br \/>\nund Kreisvorsitzender Benjamin Denzer zum heutigen politischen Sachstand:<\/span><br \/>\n<\/strong><strong><a href=\"https:\/\/fdp-bad-mergentheim.de\/wp-content\/uploads\/2021\/07\/2021-07-20-TBB-Warum-jetzt-Mitglied-werden-in-der-FDP.pdf\"><span style=\"color: #e5007d;\"> Warum FDP-Mitglied werden im Jahr 2021?<\/span><\/a><\/strong><strong><br \/>\n<strong><span style=\"color: #ffed00;\">Gemeinsame Kreisvorstandsitzung FDP &#8211; Neckar-Odenwald und Main-Tauber \u2003<\/span><\/strong><br \/>\n<a href=\"https:\/\/fdp-bad-mergentheim.de\/wp-content\/uploads\/2020\/11\/17.-Oktober-2020.pdf\"><span style=\"color: #e5007d;\">Pressebericht <\/span><\/a><br \/>\n<strong><span style=\"color: #ffed00;\">Ingo Brudereck:<br \/>\n\u21d2 Wir wollen wieder aktiver werden und raus aus der Ruhephase!<\/span><\/strong><\/strong><\/strong><\/p>\n<p><strong><strong><strong><span style=\"color: #ffed00;\">Kreisverbandsvorsitzender B. Denzer zur Pandemie &#8211; Mai 2020 \u2003<\/span><\/strong><br \/>\n<a href=\"https:\/\/fdp-bad-mergentheim.de\/wp-content\/uploads\/2020\/05\/2020-04-30-FDP-Brief-des-KV-Denzer-an-Mitglieder-01.pdf\"><span style=\"color: #e5007d;\">Sein Brief<\/span><\/a><br \/>\n<strong><span style=\"color: #ffed00;\">Kreisverbandsvorsitzender B. Denzer zur aktuellen Lage &#8211; November 2020 <\/span><\/strong><br \/>\n<a href=\"https:\/\/fdp-bad-mergentheim.de\/wp-content\/uploads\/2020\/11\/2020-11-03-FDP-Brief-vom-KV-BD-an-die-Mitglieder.pdf\"><span style=\"color: #e5007d;\">Sein Brief<\/span><\/a><br \/>\n<strong><span style=\"color: #ffed00;\"> \u2020 Am 25. September 2020 verstarb unser Ehrenmitglied Heinz M\u00fcller im Alter von 90 Jahren <\/span><\/strong><br \/>\n<a href=\"https:\/\/fdp-bad-mergentheim.de\/wp-content\/uploads\/2020\/11\/Nachruf-auf-Herrn-Heinz-Mueller.pdf\"><span style=\"color: #e5007d;\">Nachruf<\/span><\/a><br \/>\n<span style=\"color: #ffed00;\">Zum Jahresende \u2003<\/span><a href=\"https:\/\/fdp-bad-mergentheim.de\/wp-content\/uploads\/2019\/12\/2019-12-21-FDP-Jahresende-Brief-IB.pdf\"><span style=\"color: #e5007d;\">2019<\/span><\/a><\/strong><\/strong><\/p>\n<p><strong><strong><\/p>\n<h3><span style=\"color: #ffffff;\">Aus dem Ortsverband <\/span><\/h3>\n<h4><span style=\"color: #ffed00;\">\u2609 Mirwais Wafa<\/span><\/h4>\n<p><strong><a href=\"https:\/\/fdp-bad-mergentheim.de\/wp-content\/uploads\/2024\/12\/2024-12-24-FDP-BTgK-Mirwais-Wafa-Frohe-Weihnachten-und-ein-gutes-neues-Jahr.pdf\"><span style=\"color: #e5007d;\"> &emsp;\u2738 Weihnachtsgr\u00fcsse <\/span><\/a><\/h4>\n<p><a href=\"https:\/\/fdp-bad-mergentheim.de\/wp-content\/uploads\/2024\/09\/Hans-Werner-Sinn-im-Interview-zu-Deutschland-AfD-Elektroautos-Euro-Trump-002.pdf\"><span style=\"color: #e5007d;\"> \u2738 Ein Interview des ehemaligen Wirtschaftsweisen Prof. Hans-Werner Sinn <\/strong> <\/span><\/a><br \/>\n<span style=\"color: #ffed00;\">&emsp;&#8220;Kann die von der Bundesregierung beschlossene Wachstumsinitiative <br \/>&emsp;&ensp;neue wirtschaftliche Dynamik erzeugen?&#8220;<\/span> <\/p>\n<p><strong><a href=\"https:\/\/fdp-bad-mergentheim.de\/wp-content\/uploads\/2022\/12\/ATT00022.pdf\"><span style=\"color: #e5007d;\">\u2738 Jahresr\u00fcckblick 2023 <\/span><\/a><\/strong> <\/p>\n<h4><span style=\"color: #ffed00;\">\u2609 Pressewart Norbert Patzner:<\/span><\/h4>\n<p><strong><a href=\"https:\/\/fdp-bad-mergentheim.de\/wp-content\/uploads\/2024\/12\/Ptressebericht-vom-12.12.24.pdf\"><span style=\"color: #e5007d;\"> \u2738 Pressebericht <\/span><\/a><br \/>\n <span style=\"color: #ffed00;\">\u2003zum &#8222;Liberalen Forum am 12. Dezember 2024&#8220;<\/span><\/strong><br \/>\n<strong><a href=\"https:\/\/fdp-bad-mergentheim.de\/wp-content\/uploads\/2024\/11\/Bericht-Karreis-Nov-2024.pdf\"><span style=\"color: #e5007d;\"> \u2738 Pressebericht <\/span><\/a><br \/>\n<span style=\"color: #ffed00;\">\u2003zum &#8222;Liberalen Forum am 14. November 2024&#8220;<\/span><\/strong><br \/>\n<strong><a href=\"https:\/\/fdp-bad-mergentheim.de\/wp-content\/uploads\/2024\/09\/Bericht-vom-11.9.2024-1.pdf\"><span style=\"color: #e5007d;\"> \u2738 Pressebericht <\/span><\/a><br \/>\n<span style=\"color: #ffed00;\">\u2003zum &#8222;Liberalen Forum am 11. September 2024&#8220;<\/span><\/strong><br \/>\n<strong><a href=\"https:\/\/fdp-bad-mergentheim.de\/wp-content\/uploads\/2024\/03\/24.03.11.Bericht-Bageno-Heitlinger-akt.pdf\"><span style=\"color: #e5007d;\"> \u2738 Bericht <\/span><\/a><br \/>\n<span style=\"color: #ffed00;\">\u2003Vom Treffen von Vertretern der Landwirtschaft mit MdL Heitlinger<\/span><\/strong><br \/>\n<strong><a href=\"https:\/\/fdp-bad-mergentheim.de\/wp-content\/uploads\/2024\/02\/Bericht-ausserordentliche-Mitgliederversammlung-Feb.-2024.pdf\"><span style=\"color: #e5007d;\"> \u2738 Pressebericht <\/span><\/a><br \/>\n<span style=\"color: #ffed00;\">\u2003zur &#8222;Au\u00dferordentlichen Mitgliederversammlung&#8220; am 21. Februar 2024<\/span><\/strong><br \/>\n<strong><a href=\"https:\/\/fdp-bad-mergentheim.de\/wp-content\/uploads\/2023\/02\/Pressebericht-Michael-Link-13.2.2023.pdf\"><span style=\"color: #e5007d;\"> \u2738 Pressebericht <\/span><\/a><br \/>\n<span style=\"color: #ffed00;\">\u2003zum Liberalen Forum am 13. Februar 2023<\/span><\/strong><br \/>\n<strong><a href=\"https:\/\/fdp-bad-mergentheim.de\/wp-content\/uploads\/2023\/05\/Pressebericht-Ernstberger.pdf \"><span style=\"color: #e5007d;\"> \u2738 Pressebericht <\/span><\/a><br \/>\n<span style=\"color: #ffed00;\">\u2003zum Liberalen Forum am 10. Mai 2023<\/span><\/strong><strong><\/strong><br \/>\n<strong><a href=\"https:\/\/fdp-bad-mergentheim.de\/wp-content\/uploads\/2023\/06\/Pressebericht-Bauer-14.6.2023.pdf \"><span style=\"color: #e5007d;\"> \u2738 Pressebericht <\/span><\/a><br \/>\n<span style=\"color: #ffed00;\">\u2003zum Liberalen Forum am 14. Juni 2023<\/span><\/strong><strong><\/strong><br \/>\n<strong><a href=\"https:\/\/fdp-bad-mergentheim.de\/wp-content\/uploads\/2023\/08\/Pressebericht-Weinmann-28.7.23.pdf \"><span style=\"color: #e5007d;\"> \u2738 Pressebericht <\/span><\/a><\/strong><strong><br \/>\n<span style=\"color: #ffed00;\">\u2003zum Liberalen Forum am 28. Juli 2023<\/span><strong><\/strong><\/strong><br \/>\n<strong><a href=\"https:\/\/fdp-bad-mergentheim.de\/wp-content\/uploads\/2023\/09\/Bericht-Rohmann-13.9.2023.pdf\"><span style=\"color: #e5007d;\"> \u2738 Pressebericht <\/a><\/strong><strong><br \/>\n<span style=\"color: #ffed00;\">\u2003zum Liberalen Forum am 13. September 2023 <strong><\/strong><\/strong><\/p>\n<p><strong><a href=\"https:\/\/fdp-bad-mergentheim.de\/wp-content\/uploads\/2022\/12\/ATT00022.pdf\"><span style=\"color: #e5007d;\">\u2738 Jahresr\u00fcckblick 2022 <\/span><\/a><\/strong> <\/p>\n<h4><span style=\"color: #ffed00;\">\u2609 Pressewart Norbert Patzner:<\/span><\/h4>\n<p><a href=\"https:\/\/fdp-bad-mergentheim.de\/wp-content\/uploads\/2022\/12\/ATT00022.pdf\"><\/a><a href=\"https:\/\/fdp-bad-mergentheim.de\/wp-content\/uploads\/2022\/12\/ATT00022.pdf\"><strong><\/strong><\/a><strong><a href=\"https:\/\/fdp-bad-mergentheim.de\/wp-content\/uploads\/2022\/12\/ATT00022.pdf\"><strong><\/strong><strong><\/strong><strong><\/strong><\/a><strong><a href=\"https:\/\/fdp-bad-mergentheim.de\/wp-content\/uploads\/2022\/11\/Pressebericht-Zickler.pdf\"><span style=\"color: #e5007d;\"> \u2738 Pressebericht  <\/span><\/a><br \/>\n<span style=\"color: #ffed00;\">zum Liberalen Forum am 9. November 2022<\/span><br \/>\n<strong><\/strong><strong><\/strong><strong><a href=\"https:\/\/fdp-bad-mergentheim.de\/wp-content\/uploads\/2022\/09\/Pressebericht-14-9-22.docx \"><span style=\"color: #e5007d;\"> \u2738 Pressebericht  <\/span><\/a><br \/>\n<span style=\"color: #ffed00;\">zum Liberalen Forum am 14. September 2022<\/span><\/strong><br \/>\n<strong><strong><strong><span style=\"color: #ffed00;\"><br \/>\n&#x2749;<br \/>\nHans Bauer: Meinungsfreiheit versus Propaganda <\/span><\/strong><\/strong><strong><br \/>\n<a href=\"https:\/\/fdp-bad-mergentheim.de\/wp-content\/uploads\/2022\/05\/Meinungsfreiheit-versus-Propaganda.pdf\"><strong><span style=\"color: #e5007d;\">Meinungsfreiheit versus Propaganda .<\/span><\/strong><\/a><br \/>\n<strong><span style=\"color: #ffed00;\">Hans Bauer: Pressebericht und Pr\u00e4sentation<\/span><\/strong><br \/>\n<\/strong><strong><a href=\"https:\/\/fdp-bad-mergentheim.de\/wp-content\/uploads\/2022\/03\/Pressebericht-Vortrag-Bauer.docx\"><strong><span style=\"color: #e5007d;\"><strong><strong>\u201eDie sicherheitspolitischen Interessen der Bundesrepublik Deutschland\u201c <\/strong><\/strong><\/span><\/strong><\/a><strong><strong><strong><a href=\"https:\/\/fdp-bad-mergentheim.de\/wp-content\/uploads\/2022\/03\/Sicherheitspolitik-Bundeswehr-Praesentation1.pptx\"><strong><br \/>\n<span style=\"color: #e5007d;\">&#8222;Folienpr\u00e4sentation&#8220;<\/span><\/strong><\/a><strong><strong><br \/>\n<\/strong><\/strong><strong><strong><strong><span style=\"color: #ffed00;\">Hans Bauer: Liberale-Soziale Marktwirtschaft<\/span><\/strong><br \/>\n<a href=\"https:\/\/fdp-bad-mergentheim.de\/wp-content\/uploads\/2021\/08\/Liberale-Soziale-Marktwirtschaft-1.odp\"><span style=\"color: #e5007d;\">Vertritt Unsere Partei.<\/span><\/a><br \/>\n<strong><span style=\"color: #ffed00;\">Hans Bauer: Quo vadis FDP <\/span><\/strong><br \/>\n<a href=\"https:\/\/fdp-bad-mergentheim.de\/wp-content\/uploads\/2020\/12\/Quo-vadis-FDP.pdf\"><span style=\"color: #e5007d;\">Einige Gedanken zur Zukunft unserer Partei.<\/span><\/a><\/strong><\/strong><\/strong><\/strong><\/strong><\/strong><\/strong><\/strong><\/strong><strong><strong><\/strong><\/strong><strong><strong><\/strong><\/strong><strong><strong><\/strong><\/strong><strong><strong><\/strong><\/strong><strong><strong><\/strong><strong><\/strong><strong><strong><a href=\"https:\/\/fdp-bad-mergentheim.de\/wp-content\/uploads\/2022\/05\/Bericht-vom-liberalen-Forum-mit-Dr.-Franziska-Freifrau-von-Stetten.pdf\"><span style=\"color: #e5007d;\"> \u2738 Pressebericht <\/span><\/a><br \/>\n<span style=\"color: #ffed00;\">zum Liberalen Forum am 11. Mai mit Dr. Franziska Freifrau von Stetten<br \/>\n<\/span><\/strong><strong><a href=\"https:\/\/fdp-bad-mergentheim.de\/wp-content\/uploads\/2022\/05\/Kober-Pressebericht.pdf\"><span style=\"color: #e5007d;\"> \u2738 Pressebericht <\/span><\/a><br \/>\n<span style=\"color: #ffed00;\">zum Liberalen Forum am 13. April mit MdB Pascal Kober<br \/>\n<\/span><\/strong><strong><a href=\"https:\/\/fdp-bad-mergentheim.de\/wp-content\/uploads\/2022\/01\/2022-01-26-FDP-Mgth-Studie-der-Gruenen-ist-aergerlich.pdf\"><span style=\"color: #e5007d;\">\u2738 Kritische Stellungnahme<\/span><\/a><br \/>\n<span style=\"color: #ffed00;\"> zum k\u00fcrzlich pr\u00e4sentierten Mobilit\u00e4tskonzept der Gr\u00fcnen<\/span><\/strong><\/strong><\/strong><\/p>\n<p><strong><strong><strong><strong><a href=\"https:\/\/fdp-bad-mergentheim.de\/wp-content\/uploads\/2022\/02\/2022-02-FDP-Wahl-2022-Pressebericht.pdf\"><strong><span style=\"color: #e5007d;\"> \u2738 Pressebericht <\/span><\/strong><\/a><strong><br \/>\n<span style=\"color: #ffed00;\">zur Vorstandswahl &#8222;Ortsverband und Oberer Bezirk&#8220; am 9. Februar<\/span><\/strong><\/strong><\/strong><\/strong><\/strong><\/p>\n<p><strong><strong><strong><strong><strong><a href=\"https:\/\/fdp-bad-mergentheim.de\/wp-content\/uploads\/2021\/12\/FDP-Jahresrueckblick2021-aktuell.pdf\"><span style=\"color: #e5007d;\"> \u2738 Jahresr\u00fcckblick 2021 <\/span><\/a><\/strong><br \/>\n<\/strong><\/strong><\/strong><\/strong><\/p>\n<p><strong><span style=\"color: #ffed00;\">Am 15. Juni 2021 verstarb unser Beisitzer Dieter Kn\u00f6rzer im Alter von 83 Jahren. <\/span><\/strong><br \/>\n<strong><span style=\"color: #ffed00;\">Wir <\/span><a href=\"https:\/\/fdp-bad-mergentheim.de\/wp-content\/uploads\/2021\/06\/wolfgang-tittor-traueranzeige.png\"><span style=\"color: #e5007d;\"> trauern <\/span><\/a><span style=\"color: #ffed00;\">um unseren Ortsverbandsvorsitzenden Prof. Dr. Wolfgang Tittor,<br \/>\nder am 7. Juni 2021 verstorben ist.<\/span><br \/>\n<a href=\"https:\/\/fdp-bad-mergentheim.de\/wp-content\/uploads\/2021\/06\/Nachruf-Tittor.docx\"><span style=\"color: #e5007d;\"> \u2748 Nachruf \u2748 <\/span><\/a><a href=\"https:\/\/fdp-bad-mergentheim.de\/wp-content\/uploads\/2021\/06\/Nachruf.docx\"><span style=\"color: #e5007d;\"> FN \u2748<\/span><\/a><\/strong><br \/>\n<strong><span style=\"color: #ffed00;\">Landtagswahl am 14. M\u00e4rz 2021<\/span><\/strong><br \/>\n<span style=\"color: #ffffff;\"> Unsere Partei hat in Bad Mergentheim einen Zuwachs<br \/>\nvon 1,4% erzielt und steht jetzt bei 9,5%!<\/span><br \/>\n<strong><span style=\"color: #ffed00;\">Dezember 2020 &#8211; Prof. Dr. Wolfgang Tittor: R\u00fcckblick und Weihnachtsgruss<\/span><\/strong><br \/>\n<a href=\"https:\/\/fdp-bad-mergentheim.de\/wp-content\/uploads\/2020\/12\/2020-12-15-FDP-Mgth-Rueckblick-Weihnachtsgruss-1-Kopie.pdf\"><span style=\"color: #e5007d;\">Sein Gruss<\/span><\/a><br \/>\n<strong><span style=\"color: #ffed00;\">Jahresr\u00fcckblick 2020 <\/span><\/strong><br \/>\n<a href=\"https:\/\/fdp-bad-mergentheim.de\/wp-content\/uploads\/2020\/12\/Pressebericht-Rueckblick 2020-.pdf\"><span style=\"color: #e5007d;\">Bericht<\/span><\/a><br \/>\n<strong><span style=\"color: #ffed00;\"> \u2020 Am 18. Juli 2020 verstarb unser Ehrenmitglied G\u00fcnter Helmbold mit 88 Jahren <\/span><\/strong><br \/>\n<a href=\"https:\/\/fdp-bad-mergentheim.de\/wp-content\/uploads\/2020\/08\/Nachruf-Helmbold.png\"><span style=\"color: #e5007d;\">Nachruf<\/span><\/a><\/p>\n<h4><span style=\"color: #ffed00;\"> \u274b Ehrung unseres Mitglieds G\u00fcnter Helmbold <\/span><\/h4>\n<h4 style=\"padding-left: 40px;\"><span style=\"color: #000000;\">Aus der &#8222;Mainpost&#8220;:<\/span><\/h4>\n<p><img decoding=\"async\" src=\"https:\/\/fdp-bad-mergentheim.de\/wp-content\/uploads\/2019\/12\/9004011_detail-16-9_1tXeDW_iVex8H-1.jpg\"><br \/>\n<span style=\"color: #000000;\"><span style=\"color: #ffed00;\">G\u00fcnter Helmbold f\u00fcr 40 Jahre FDP-Kreisschatzmeister geehrt!<\/span><br \/>\nDie Gratulanten von links: Kreisrat J\u00fcrgen Vossler aus Weikersheim, der Geehrte G\u00fcnter Helmbold, die FDP<br \/>\nBundestagsabgeordnete und Generalsekret\u00e4rin der FDP Baden-W\u00fcrttemberg, Judith Skudelny,<br \/>\n<\/span><span style=\"color: #000000;\">Kreisvorstandsmitglied aus dem Neckar-Odenwald-Kreis Martin Berberich aus H\u00f6pfingen der Baden-<br \/>\nW\u00fcrttembergische Landesgesch\u00e4ftsf\u00fchrer Jan Packebusch, Kreisvorsitzender Benjamin Denzer aus Tauber-<br \/>\nbischofsheim und Kreisrat Albrecht Rudolf aus Werbach. &#8212;-<em>Foto: Ingo Brudereck FDP<\/em><\/span><br \/>\n<span style=\"color: #ffed00;\">Auch auf dem Dreik\u00f6nigsparteitag in Stuttgart wurde er f\u00fcr seinen langj\u00e4hrigen Einsatz geehrt!<\/span><br \/>\n<a href=\"https:\/\/fdp-bad-mergentheim.de\/wp-content\/uploads\/2020\/02\/FDP-Stuttgart-w\u00fcrdigt-Ehrenamt-G\u00fcnter-Helmbold.pdf\"><span style=\"color: #e5007d;\"> Bericht von Ingo Brudereck<\/span><\/a><\/p>\n<h4><span style=\"color: #ffed00;\"> \u274b Die Vorstands- und Beiratswahlen am 12. Dezember 2019 <\/span><\/h4>\n<p><img decoding=\"async\" src=\"https:\/\/fdp-bad-mergentheim.de\/wp-content\/uploads\/2019\/12\/fdp-vorstand1-e1576359911195.png\"><br \/>\n<span style=\"color: #000000;\">Einige Anwesende (v. lks.):<br \/>\nKreisverbandsvorsitzender Benjamin Denzer &#8211; Ex-Ortsverbandsvorsitzender Prof. Dr. Hans-Werner Springorum &#8211;<br \/>\nBeisitzerin Dr. Barbara Baier &#8211; Ortsverbandsvorsitzender Prof. Dr. Wolfgang Tittor &#8211; Stellvertretende Ortsverbands-<br \/>\n<\/span><span style=\"color: #000000;\">vorsitzende Anna Hansen-Peter &#8211; Kreisrat J\u00fcrgen Vossler &#8211; Ortsverbandspressewart Dipl Ing. Norbert Patzner<\/span><br \/>\n<a href=\" https:\/\/fdp-bad-mergentheim.de\/wp-content\/uploads\/2019\/12\/Pressebericht-Jahresabschluss-2019.pdf\"><span style=\"color: #e5007d;\">Pressebericht<\/span><\/a><\/p>\n<h3> Aus den Treffen:<\/h3>\n<div class=\" wp-block-columns has-3-columns\">\n<div>\n<span style=\"color: #ffffff;\">Pressewart<br \/>\nDipl. Ing. Norbert Patzner <\/span><br \/>\n<span style=\"color: #ffed00;\">Meeting 13. Juli 2022<br \/>\nPressebericht Vortrag M. Hahn <\/span><a href=\"https:\/\/fdp-bad-mergentheim.de\/wp-content\/uploads\/2022\/07\/Bericht-Vortrag-M.-Hahn-13.7.22.pdf\"><br \/>\n<span style=\"color: #e5007d;\"><strong>&#8211; \u2200 &#8211;<\/strong><\/span><\/a><br \/>\n<span style=\"color: #ffffff;\">Pressewart<br \/>\nDipl. Ing. Norbert Patzner<\/span><br \/>\n<span style=\"color: #ffed00;\">Meeting 10. November 2021<br \/>\nPressebericht Prof. Dr. Springorum<\/span><a href=\"https:\/\/fdp-bad-mergentheim.de\/wp-content\/uploads\/2021\/11\/Bericht-Springorum-1-Nov-2021.docx \"><br \/>\n<span style=\"color: #e5007d;\"><strong>&#8211; \u2200 &#8211;<\/strong><\/span><\/a><br \/>\n<span style=\"color: #ffffff;\">Pressewart<br \/>\nDipl. Ing. Norbert Patzner<\/span><br \/>\n<span style=\"color: #ffed00;\">Meeting 13. Oktober 2021<br \/>\nPressebericht Hans Bauer<\/span><a href=\"https:\/\/fdp-bad-mergentheim.de\/wp-content\/uploads\/2021\/10\/Pressebericht-Bauer-13.10.2021.pdf \"><br \/>\n<span style=\"color: #e5007d;\"><strong>&#8211; \u2200 &#8211;<\/strong><\/span><\/a><br \/>\n<span style=\"color: #ffffff;\"><\/span><span style=\"color: #ffed00;\">Meeting 8. September 2021<br \/>\nPressebericht Vortrag<br \/>\nMdB Prof. Dr. Andrew Ullmann<\/span><a href=\"https:\/\/fdp-bad-mergentheim.de\/wp-content\/uploads\/2021\/11\/2021-09-14-FN-Liberales-Forum-Prof-Ullmann-MdB.pdf\"><br \/>\n<span style=\"color: #e5007d;\"><strong>&#8211; \u2200 &#8211;<\/strong><\/span><\/a><br \/>\n<span style=\"color: #ffed00;\">Veranstaltung am 12. September 2019<br \/>\nmit Oberb\u00fcrgermeister Udo Glatthaar <\/span><a href=\"http:\/\/fdp-bad-mergentheim.de\/wp-content\/uploads\/2019\/09\/Pressebericht-OB-September-2019.pdf\"><br \/>\n<span style=\"color: #e5007d;\"><strong>&#8211; \u2200 &#8211;<\/strong><\/span><\/a><br \/>\n<span style=\"color: #ffffff;\">Pressewart<br \/>\nDipl. Ing. Norbert Patzner<\/span><br \/>\n<span style=\"color: #ffffff;\"><\/span><span style=\"color: #ffed00;\">Meeting 11. August 2021<br \/>\nPressebericht MdL Stephen Brauer <\/span><a href=\"https:\/\/fdp-bad-mergentheim.de\/wp-content\/uploads\/2021\/12\/2021-08-11-FDP-Mgth.Pressebericht-Brauer.pdf\"><br \/>\n<span style=\"color: #e5007d;\"><strong>&#8211; \u2200 &#8211;<\/strong><\/span><\/a><br \/>\n<span style=\"color: #ffffff;\">Pressewart<br \/>\nDipl. Ing. Norbert Patzner<\/span><br \/>\n<span style=\"color: #ffed00;\">Online Meeting 14. April 2021<br \/>\nPressebericht Kurt Breitenstein<\/span><a href=\"https:\/\/fdp-bad-mergentheim.de\/wp-content\/uploads\/2021\/04\/Pressebericht-Breitenstein-14.3.2021.pdf \"><br \/>\n<span style=\"color: #e5007d;\"><strong>&#8211; \u2200 &#8211;<\/strong><\/span><\/a><br \/>\n<span style=\"color: #ffffff;\">Pressewart<br \/>\nDipl. Ing. Norbert Patzner<\/span><br \/>\n<span style=\"color: #ffed00;\">Online Meeting 10. Februar 2021<br \/>\nWie steht es um unsere Debattenkultur<\/span><a href=\"https:\/\/fdp-bad-mergentheim.de\/wp-content\/uploads\/2021\/02\/Pressebericht-TittorBauer-10.2.2021.pdf \"><br \/>\n<span style=\"color: #e5007d;\"><strong>&#8211; \u2200 &#8211;<\/strong><\/span><\/a><br \/>\n<span style=\"color: #ffffff;\">Pressewart<br \/>\nDipl. Ing. Norbert Patzner<\/span><br \/>\n<span style=\"color: #ffed00;\">Online Meeting 13. Januar 2021<br \/>\nmit Referent J\u00fcrgen Vossler<\/span><a href=\"https:\/\/fdp-bad-mergentheim.de\/wp-content\/uploads\/2021\/01\/Pressebericht-Vossler-13.1.2021.pdf\"><br \/>\n<span style=\"color: #e5007d;\"><strong>&#8211; \u2200 &#8211;<\/strong><\/span><\/a><br \/>\n<span style=\"color: #ffffff;\">Pressewart<br \/>\nDipl. Ing. Norbert Patzner<\/span><br \/>\n<span style=\"color: #ffed00;\">Veranstaltung am 12. Februar 2020<br \/>\nmit Referent Steven Michelbach<\/span><a href=\"https:\/\/fdp-bad-mergentheim.de\/wp-content\/uploads\/2020\/02\/Pressebericht-Februar-2020.pdf\"><br \/>\n<span style=\"color: #e5007d;\"><strong>&#8211; \u2200 &#8211;<\/strong><\/span><\/a><\/div>\n<p><span style=\"color: #ffffff;\">Pressewart<br \/>\nDipl. Ing. Norbert Patzner<\/span><br \/>\n<span style=\"color: #ffed00;\">Gedanken zur Klimapolitik<\/span><a href=\"https:\/\/fdp-bad-mergentheim.de\/wp-content\/uploads\/2020\/11\/Pressebericht-11-3-2020.pdf\"><br \/>\n<span style=\"color: #e5007d;\"><strong>&#8211; \u2200 &#8211;<\/strong><\/span><\/a><br \/>\n<span style=\"color: #ffffff;\">Hans Bauer:<br \/>\n<\/span><span style=\"color: #ffed00;\">  Jahresr\u00fcckblick 2019 <\/span><a href=\"https:\/\/fdp-bad-mergentheim.de\/wp-content\/uploads\/2020\/02\/Jahresr\u00fcckblick-2019_net.mp4\"><br \/>\n<span style=\"color: #e5007d;\"><strong>&#8211; \u2200 &#8211;<\/strong><\/span><\/a><br \/>\n<span style=\"color: #ffffff;\">J\u00fcrgen Vossler:<br \/>\n<\/span><span style=\"color: #ffed00;\">  Die \u201eTauberphilharmonie\u201c Weikersheim <\/span><a href=\"https:\/\/fdp-bad-mergentheim.de\/wp-content\/uploads\/2019\/11\/Pressebericht-J\u00fcrgen-Vossler-14-11-2019-2.pdf\"><br \/>\n<span style=\"color: #e5007d;\"><strong>&#8211; \u2200 &#8211;<\/strong><\/span><\/a><br \/>\n<span style=\"color: #ffffff;\">MdL Dr. Tim Kern:<\/span><br \/>\n<span style=\"color: #ffed00;\">&#8222;Bildung \u2013 das Stiefkind unserer Politik?&#8220;<\/span> <a href=\"https:\/\/fdp-bad-mergentheim.de\/wp-content\/uploads\/2019\/10\/Pressebericht-Timm-Kern-Oktober-2019.pdf\"><br \/>\n<span style=\"color: #e5007d;\"><strong>&#8211; \u2200 &#8211;<\/strong><\/span><\/a><\/p>\n<\/div>\n<div class=\"wp-block-column\"><\/div>\n<p><strong><\/strong><strong><\/strong><strong><strong><\/strong><\/strong><strong><strong><\/strong><\/strong><strong><strong><\/strong><\/strong><strong><strong><\/strong><\/strong><strong><strong><\/strong><\/strong><strong><strong><\/strong><\/strong><strong><strong><\/strong><\/strong><strong><strong><\/strong><\/strong><strong><strong><\/strong><\/strong><strong><strong><\/strong><\/strong><\/p>\n<p><\/strong><\/strong><\/p>\n","protected":false},"excerpt":{"rendered":"<p>Aus dem Landesverband \u2731 Nachrichten vom Landesparteitag am 18. Juli 2020 in Karlruhe Website Aus dem Kreisverband \u2609 Ingo Brudereck \u2738 Einladung zur ordentlichen Kreismitgliederversammlung &nbsp; &nbsp; am Mittwoch, den 30. April 2025 \u2738 Nachlese und liberaler Blick in die Zukunft \u2738 Termintabelle FDP-Ehrenvorsitzender Rolf Hammer feierte 80. Geburtstag Pressebericht Kreisverband Benjamin Denzer: Jahresabschlussfeier 2022&hellip; <br \/> <a class=\"read-more\" href=\"https:\/\/fdp-bad-mergentheim.de\/?page_id=1586\">Weiterlesen<\/a><\/p>\n","protected":false},"author":1,"featured_media":0,"parent":0,"menu_order":0,"comment_status":"closed","ping_status":"closed","template":"","meta":{"footnotes":""},"class_list":["post-1586","page","type-page","status-publish","hentry"],"_links":{"self":[{"href":"https:\/\/fdp-bad-mergentheim.de\/index.php?rest_route=\/wp\/v2\/pages\/1586","targetHints":{"allow":["GET"]}}],"collection":[{"href":"https:\/\/fdp-bad-mergentheim.de\/index.php?rest_route=\/wp\/v2\/pages"}],"about":[{"href":"https:\/\/fdp-bad-mergentheim.de\/index.php?rest_route=\/wp\/v2\/types\/page"}],"author":[{"embeddable":true,"href":"https:\/\/fdp-bad-mergentheim.de\/index.php?rest_route=\/wp\/v2\/users\/1"}],"replies":[{"embeddable":true,"href":"https:\/\/fdp-bad-mergentheim.de\/index.php?rest_route=%2Fwp%2Fv2%2Fcomments&post=1586"}],"version-history":[{"count":155,"href":"https:\/\/fdp-bad-mergentheim.de\/index.php?rest_route=\/wp\/v2\/pages\/1586\/revisions"}],"predecessor-version":[{"id":5968,"href":"https:\/\/fdp-bad-mergentheim.de\/index.php?rest_route=\/wp\/v2\/pages\/1586\/revisions\/5968"}],"wp:attachment":[{"href":"https:\/\/fdp-bad-mergentheim.de\/index.php?rest_route=%2Fwp%2Fv2%2Fmedia&parent=1586"}],"curies":[{"name":"wp","href":"https:\/\/api.w.org\/{rel}","templated":true}]}}