{"id":23,"date":"2019-07-21T11:32:11","date_gmt":"2019-07-21T11:32:11","guid":{"rendered":"http:\/\/fdp-bad-mergentheim.de\/?page_id=23"},"modified":"2024-10-10T12:55:44","modified_gmt":"2024-10-10T12:55:44","slug":"ziele","status":"publish","type":"page","link":"https:\/\/fdp-bad-mergentheim.de\/?page_id=23","title":{"rendered":"Ziele"},"content":{"rendered":"<h4>Es war einmal:<\/h4>\n<!-- \/wp:post-content -->\n\n<!-- wp:image {\"id\":2188} --> \n<figure class=\"wp-block-image\"><img loading=\"lazy\" decoding=\"async\" class=\"alignnone  wp-image-755\" src=\"https:\/\/fdp-bad-mergentheim.de\/wp-content\/uploads\/2019\/10\/kurf\u00fcrst-300x136.png\" alt=\"\" width=\"364\" height=\"165\" srcset=\"https:\/\/fdp-bad-mergentheim.de\/wp-content\/uploads\/2019\/10\/kurf\u00fcrst-300x136.png 300w, https:\/\/fdp-bad-mergentheim.de\/wp-content\/uploads\/2019\/10\/kurf\u00fcrst.png 399w\" sizes=\"auto, (max-width: 364px) 100vw, 364px\" \/><\/figure>\n<!-- \/wp:image -->\n<h4><span style=\"color: #000000;\">DAS ist nat\u00fcrlich ganz und gar nicht LIBERAL!<\/span><\/h4>\n<h4 style=\"color: #ffed00;\">Der FDP als Partei der Freiheit ist der individuelle Freiraum des Einzelnen ein besonderes Anliegen,\nweil es dem Wesen des Menschen entspricht, frei zu sein und individuelle Freiheit als Gegengewicht\nzu einer staatlichen Obrigkeit f\u00fcr eine optimal funktionierende, lebendige Demokratie erforderlich ist.\nDaher setzt die FDP einerseits auf die Entfaltung des individuellen Potentials der Personen und\nversucht andererseits staatlich bedingte Ein\ufb02\u00fcsse auf das Notwendige zu beschr\u00e4nken,\nz.B. Zur\u00fcckf\u00fchrung von b\u00fcrokratischen Aufbl\u00e4hungen, Verhinderung unn\u00f6tiger Gesetze etc.<\/h4>\n<h4 style=\"color: #ffed00;\">Wir im Ortsverband wollen mit unserer \u00d6ffentlichkeitsarbeit und unseren Stimmen im Gemeinderat\ndiese Grunds\u00e4tze vertreten und zur Anwendung bringen.<\/h4>\n<p style=\"color: #e5007d;\"><em>\u21d2 Einzelheiten dazu auf der Unterseite <span style=\"color: #ffed00;\">&#8222;Im Ortsverband&#8220;&nbsp;<\/span> und zu den FDP-Grunds\u00e4tzen auf der Unterseite<span style=\"color: #ffed00;\"> &#8222;Allgemein&#8220;.<\/span><\/em><\/p>\n<!-- \/wp:html -->","protected":false},"excerpt":{"rendered":"<p>Es war einmal: DAS ist nat\u00fcrlich ganz und gar nicht LIBERAL! Der FDP als Partei der Freiheit ist der individuelle Freiraum des Einzelnen ein besonderes Anliegen, weil es dem Wesen des Menschen entspricht, frei zu sein und individuelle Freiheit als Gegengewicht zu einer staatlichen Obrigkeit f\u00fcr eine optimal funktionierende, lebendige Demokratie erforderlich ist. Daher setzt&hellip; <br \/> <a class=\"read-more\" href=\"https:\/\/fdp-bad-mergentheim.de\/?page_id=23\">Weiterlesen<\/a><\/p>\n","protected":false},"author":1,"featured_media":0,"parent":0,"menu_order":0,"comment_status":"closed","ping_status":"closed","template":"","meta":{"footnotes":""},"class_list":["post-23","page","type-page","status-publish","hentry"],"_links":{"self":[{"href":"https:\/\/fdp-bad-mergentheim.de\/index.php?rest_route=\/wp\/v2\/pages\/23","targetHints":{"allow":["GET"]}}],"collection":[{"href":"https:\/\/fdp-bad-mergentheim.de\/index.php?rest_route=\/wp\/v2\/pages"}],"about":[{"href":"https:\/\/fdp-bad-mergentheim.de\/index.php?rest_route=\/wp\/v2\/types\/page"}],"author":[{"embeddable":true,"href":"https:\/\/fdp-bad-mergentheim.de\/index.php?rest_route=\/wp\/v2\/users\/1"}],"replies":[{"embeddable":true,"href":"https:\/\/fdp-bad-mergentheim.de\/index.php?rest_route=%2Fwp%2Fv2%2Fcomments&post=23"}],"version-history":[{"count":13,"href":"https:\/\/fdp-bad-mergentheim.de\/index.php?rest_route=\/wp\/v2\/pages\/23\/revisions"}],"predecessor-version":[{"id":5565,"href":"https:\/\/fdp-bad-mergentheim.de\/index.php?rest_route=\/wp\/v2\/pages\/23\/revisions\/5565"}],"wp:attachment":[{"href":"https:\/\/fdp-bad-mergentheim.de\/index.php?rest_route=%2Fwp%2Fv2%2Fmedia&parent=23"}],"curies":[{"name":"wp","href":"https:\/\/api.w.org\/{rel}","templated":true}]}}