{"id":27,"date":"2019-07-21T11:33:02","date_gmt":"2019-07-21T11:33:02","guid":{"rendered":"http:\/\/fdp-bad-mergentheim.de\/?page_id=27"},"modified":"2019-11-07T16:30:21","modified_gmt":"2019-11-07T16:30:21","slug":"kontakt","status":"publish","type":"page","link":"https:\/\/fdp-bad-mergentheim.de\/?page_id=27","title":{"rendered":"Kontakt"},"content":{"rendered":"<h3 style=\"color: #ffffff;\">Wir sind f\u00fcr Sie da<\/h3>\n<p><a style=\"color: #e5007d;\" href=\"mailto:info@fdp-bad-mergentheim.de\">info@fdp-bad-mergentheim.de<\/a><\/p>\n<p><span style=\"color: #ffed00;\">&#8230;und erwarten gerne&nbsp; Ihre Anfrage!<\/span><\/p>\n<h3 style=\"color: #ffffff;\">Mitglied werden<\/h3>\n<p class=\"has-text-color\" style=\"color: #ffed00;\"><strong>Wir freuen uns \u00fcber jedes neue Mitglied, das damit die liberale Politik<br \/>\nder Freien Demokraten unterst\u00fctzt und mithilft, die Freiheit des Einzelnen<br \/>\nzu st\u00e4rken und nicht allein der staatlichen Regulierung zu \u00fcberlassen!<br \/>\n<\/strong><\/p>\n<h4 style=\"color: #e5007d;\"><a href=\"https:\/\/mitgliedwerden.fdp.de\/\" target=\"_blank\" rel=\"noopener noreferrer\">MITGLIEDSANTRAG<\/a><\/h4>\n<p style=\"color: #ffffff;\">Wenn Sie den Link &#8222;Mitgliedsantrag&#8220; anklicken, werden Sie auf die Seiten<br \/>\nder Bundespartei der FDP weitergeleitet.<br \/>\nSie k\u00f6nnen den Antrag aber auch als PDF <a href=\"https:\/\/fdp-bad-mergentheim.de\/wp-content\/uploads\/2019\/11\/mitgliedsantrag_2019.pdf\"><span style=\"color: #e5007d;\">hier<\/span> <\/a> herunterladen.<\/p>\n","protected":false},"excerpt":{"rendered":"<p>Wir sind f\u00fcr Sie da info@fdp-bad-mergentheim.de &#8230;und erwarten gerne&nbsp; Ihre Anfrage! Mitglied werden Wir freuen uns \u00fcber jedes neue Mitglied, das damit die liberale Politik der Freien Demokraten unterst\u00fctzt und mithilft, die Freiheit des Einzelnen zu st\u00e4rken und nicht allein der staatlichen Regulierung zu \u00fcberlassen! MITGLIEDSANTRAG Wenn Sie den Link &#8222;Mitgliedsantrag&#8220; anklicken, werden Sie auf&hellip; <br \/> <a class=\"read-more\" href=\"https:\/\/fdp-bad-mergentheim.de\/?page_id=27\">Weiterlesen<\/a><\/p>\n","protected":false},"author":1,"featured_media":0,"parent":0,"menu_order":0,"comment_status":"closed","ping_status":"closed","template":"","meta":{"footnotes":""},"class_list":["post-27","page","type-page","status-publish","hentry"],"_links":{"self":[{"href":"https:\/\/fdp-bad-mergentheim.de\/index.php?rest_route=\/wp\/v2\/pages\/27","targetHints":{"allow":["GET"]}}],"collection":[{"href":"https:\/\/fdp-bad-mergentheim.de\/index.php?rest_route=\/wp\/v2\/pages"}],"about":[{"href":"https:\/\/fdp-bad-mergentheim.de\/index.php?rest_route=\/wp\/v2\/types\/page"}],"author":[{"embeddable":true,"href":"https:\/\/fdp-bad-mergentheim.de\/index.php?rest_route=\/wp\/v2\/users\/1"}],"replies":[{"embeddable":true,"href":"https:\/\/fdp-bad-mergentheim.de\/index.php?rest_route=%2Fwp%2Fv2%2Fcomments&post=27"}],"version-history":[{"count":9,"href":"https:\/\/fdp-bad-mergentheim.de\/index.php?rest_route=\/wp\/v2\/pages\/27\/revisions"}],"predecessor-version":[{"id":1524,"href":"https:\/\/fdp-bad-mergentheim.de\/index.php?rest_route=\/wp\/v2\/pages\/27\/revisions\/1524"}],"wp:attachment":[{"href":"https:\/\/fdp-bad-mergentheim.de\/index.php?rest_route=%2Fwp%2Fv2%2Fmedia&parent=27"}],"curies":[{"name":"wp","href":"https:\/\/api.w.org\/{rel}","templated":true}]}}