{"id":391,"date":"2019-08-13T15:46:19","date_gmt":"2019-08-13T15:46:19","guid":{"rendered":"http:\/\/fdp-bad-mergentheim.de\/?page_id=391"},"modified":"2019-08-17T16:33:19","modified_gmt":"2019-08-17T16:33:19","slug":"allgemein","status":"publish","type":"page","link":"https:\/\/fdp-bad-mergentheim.de\/?page_id=391","title":{"rendered":"Allgemein"},"content":{"rendered":"<li style=\"color: #ffed00;\"><strong>Liberale Politik der FDP<\/strong> fokussiert sowohl auf Freiheit als auch auf Verantwortlichkeit<br>des einzelnen B\u00fcrgers. Die besondere Beachtung der individuellen Freiheit mit dem<br>selbstverst\u00e4ndlichen Recht der freien Meinungs\u00e4u\u00dferung f\u00f6rdert eine lebhafte Debatten-<br>kultur und ist damit Teil f\u00fcr politische Probleml\u00f6sungen in der Gesellschaft.<\/li>\n<li style=\"color: #009ee3;\">&nbsp;<\/li>\n<li style=\"color: #ffed00;\"><strong>Liberale Politik der FDP<\/strong> ist sozial, denn sie f\u00f6rdert die freie Entfaltung der Pers\u00f6nlichkeit<br>unter den Bedingungen, da\u00df die Rechte anderer nicht verletzt werden, gegen verfassungs-<br>m\u00e4\u00dfige Ordnung oder gegen \u201eAnstand\u201c nicht versto\u00dfen wird. Die nachfolgenden Punkte<br>sind Ziele einer liberalen Sozialpolitik:<\/li>\n<li style=\"color: #009ee3;\">\n<ul>\n<li style=\"color: #ffffff;\"><span style=\"color: #ffffff;\">\u2003 der Schwache wird vor der Willk\u00fcr des Starken gesch\u00fctzt, <\/span><\/li>\n<li style=\"color: #009ee3;\">&nbsp;<\/li>\n<li style=\"color: #ffffff;\"><span style=\"color: #ffffff;\">\u2003alle erhalten in der freien Marktwirtschaft eine Chance,<\/span><\/li>\n<li style=\"color: #009ee3;\">&nbsp;<\/li>\n<li style=\"color: #ffffff;\"><span style=\"color: #ffffff;\">\u2003auf dem Arbeitsmarkt wird m\u00f6glichst f\u00fcr alle ein Arbeitsplatz gefunden,<\/span><\/li>\n<li style=\"color: #009ee3;\">&nbsp;<\/li>\n<li style=\"color: #ffffff;\"><span style=\"color: #ffffff;\">\u2003Staatsmacht oder Kartelle werden begrenzt, wenn sie im Verteilungskampf<br><span style=\"color: #009ee3;\">m<\/span>haupts\u00e4chlich den M\u00e4chtigen dienen,<\/span><\/li>\n<li style=\"color: #009ee3;\">&nbsp;<\/li>\n<li style=\"color: #ffffff;\"><span style=\"color: #ffffff;\">\u2003eine ausufernde Verteilungspolitik wird beschr\u00e4nkt, um Ressourcen f\u00fcr<br><span style=\"color: #009ee3;\">m<\/span>gezielte und nachhaltige Hilfe dort zu sichern, wo sie gebraucht werden,<\/span><\/li>\n<li style=\"color: #009ee3;\">&nbsp;<\/li>\n<li style=\"color: #ffffff;\"><span style=\"color: #ffffff;\">\u2003das Verantwortungsbewu\u00dftsein der B\u00fcrger f\u00fcr einander wird gesch\u00e4rft,<\/span><\/li>\n<li style=\"color: #009ee3;\">&nbsp;<\/li>\n<li style=\"color: #ffffff;\"><span style=\"color: #ffffff;\">\u2003ein sozialer Aspekt im Bereich der Wirtschaft wird mit einbezogen, der<br><span style=\"color: #009ee3;\">m<\/span>einen Ordnungsrahmen vorgibt und einen fairen Wettbewerb garantiert.<\/span><\/li>\n<\/ul>\n<\/li>\n<li style=\"color: #009ee3;\"><strong>&nbsp;<\/strong><\/li>\n<li style=\"color: #ffed00;\"><strong>Liberale Politik der FDP <\/strong>unterst\u00fctzt die gegenseitige Verantwortung zwischen dem<br>einzelnen B\u00fcrger und dem Staat. So \u00fcbernimmt der B\u00fcrger z.B. die Pflicht, f\u00fcr sich<br>und die Seinen selbst zu sorgen, und schlie\u00dflich sch\u00fctzt der Staat dessen ideelle und<br>materielle Freiheit. Die soziale Liberalpolitik greift im Sinne des Subsidiarit\u00e4tsprinzips<br>und unter Ber\u00fccksichtigung der Effizienz erst dann ein, wenn individuelle oder gemein-<br>schaftliche Selbsthilfe nicht ausreichen.<\/li>\n<li style=\"color: #009ee3;\"><strong>&nbsp;<\/strong><\/li>\n<li style=\"color: #ffed00;\"><strong>Liberale Politik der FDP <\/strong> versucht auf eine ausgeglichene Balance zwischen dem Freiraum<br>des einzelnen B\u00fcrgers und dem des Staates zu achten: Der B\u00fcrger soll einerseits in seiner<br>kulturellen Bildung bzw. in den M\u00f6glichkeiten zur Entfaltung seiner Anlagen gef\u00f6rdert werden<br>und der Staat soll andererseits in seinen Einfl\u00fcssen auf den einzelnen B\u00fcrger nach M\u00f6glichkeit<br>auf das Notwendige beschr\u00e4nkt werden.<br>Diese in jeder Epoche immer wieder neu auszutarierende Balance zwischen B\u00fcrger und Staat<br>kann sich aber dann ung\u00fcnstig verschieben, wenn Regelungen oder Auflagen des Staates<br>unverh\u00e4ltnism\u00e4\u00dfig zunehmen oder wenn einzelne gewaltbereite B\u00fcrger oder B\u00fcrgergruppen<br>im Zuge einer enthemmten Ausweitung ihres Freiraumes oder durch Verrohung ihrer Umgangs-<br>formen (z.B. verbale oder k\u00f6rperliche Attacken, aggressive Einsch\u00fcchterungsversuche und<br>\u00e4hnliches) die nicht gewaltbereiten Mitb\u00fcrger in ihrem Bewegungsraum und in ihrem Kommuni-<br>kationsverhalten einschr\u00e4nken.<br>Die liberale Partei sieht es daher als ihre besondere Aufgabe an, auch soziale Kompetenzen im<br>Rahmen der Bildung zu f\u00f6rdern, d.h. Gemeinschaftssinn, Solidarit\u00e4t und sachlichen Kommuni-<br>kationsstil.<\/li>\n<li style=\"color: #009ee3;\"><strong>&nbsp;<\/strong><\/li>\n<li style=\"color: #ffed00;\"><strong>Liberale Politik der FDP <\/strong> bekennt sich auf transnationaler Ebene klar zu Europa: Zu den daf\u00fcr<br>notwendigen Reformen, zu mehr Transparenz in den europ\u00e4ischen Entscheidungsfindungen<br>und zur Wahl eines gemeinsamen EU-Au\u00dfenminister. Eine weitere Forderung der Liberalen w\u00e4re<br>der Aufbau eines europ\u00e4ischen Grenzschutzes und einer europ\u00e4ischen Armee.<\/li>\n<li style=\"color: #009ee3;\"><strong>&nbsp;<\/strong><\/li>\n\n\n<p style=\"color:#e5007d\" class=\"has-text-color\"><p style=\"color:#000000\" class=\"has-text-color\">Literatur:<\/p><\/p>\n\n\n\n<p style=\"color:#ffffff\" class=\"has-text-color\"> (1)&nbsp; Hubertus M\u00fcller-Groeling in \u201eFreiheit und soziale Verantwortung\u201c (Hrsg.) Otto Graf Lambsdor\ufb00. Friedrich Naumann Stiftung).<br> (2)&nbsp; Gerhard Raichle: Grunds\u00e4tze liberaler Politik &#8211; 12 Thesen mit Erl\u00e4uterungen. Friedrich-Nauman-Stiftung, Potsdam.<br> (3) &nbsp;S. Leutheusser-Schnarrenberger: Angst essen Freiheit auf &#8211; Warum wir unsere Grundrechte sch\u00fctzen m\u00fcssen. <br>&nbsp; &nbsp;&nbsp;&nbsp;&nbsp; Wissenschaftliche Buchgesellschaft, Darmstadt; 2019.<br> (4)&nbsp; Ch. Bommarius: Die neue Zensur &#8211; Wie wir selbst unsere Meinungsfreiheit bedrohen. Dudenverlag Berlin; 2019.<\/p>\n\n\n\n<p><\/p>\n\n\n<p style=\"color:#ffed00\" class=\"has-text-color\">Weitere Details zum inhaltlichen Pro\ufb01l der FDP:<br>\n<a style=\"color:#e5007d\" ;=\"\" href=\"https:\/\/www.fdp.de\/files\/408\/Karlsruher_Freiheitsthesen.pdf\">Karlsruher Freiheitsthesen der FDP;<\/a> <\/p>","protected":false},"excerpt":{"rendered":"<p>Liberale Politik der FDP fokussiert sowohl auf Freiheit als auch auf Verantwortlichkeitdes einzelnen B\u00fcrgers. Die besondere Beachtung der individuellen Freiheit mit demselbstverst\u00e4ndlichen Recht der freien Meinungs\u00e4u\u00dferung f\u00f6rdert eine lebhafte Debatten-kultur und ist damit Teil f\u00fcr politische Probleml\u00f6sungen in der Gesellschaft. &nbsp; Liberale Politik der FDP ist sozial, denn sie f\u00f6rdert die freie Entfaltung der Pers\u00f6nlichkeitunter&hellip; <br \/> <a class=\"read-more\" href=\"https:\/\/fdp-bad-mergentheim.de\/?page_id=391\">Weiterlesen<\/a><\/p>\n","protected":false},"author":1,"featured_media":0,"parent":0,"menu_order":0,"comment_status":"closed","ping_status":"closed","template":"","meta":{"footnotes":""},"class_list":["post-391","page","type-page","status-publish","hentry"],"_links":{"self":[{"href":"https:\/\/fdp-bad-mergentheim.de\/index.php?rest_route=\/wp\/v2\/pages\/391","targetHints":{"allow":["GET"]}}],"collection":[{"href":"https:\/\/fdp-bad-mergentheim.de\/index.php?rest_route=\/wp\/v2\/pages"}],"about":[{"href":"https:\/\/fdp-bad-mergentheim.de\/index.php?rest_route=\/wp\/v2\/types\/page"}],"author":[{"embeddable":true,"href":"https:\/\/fdp-bad-mergentheim.de\/index.php?rest_route=\/wp\/v2\/users\/1"}],"replies":[{"embeddable":true,"href":"https:\/\/fdp-bad-mergentheim.de\/index.php?rest_route=%2Fwp%2Fv2%2Fcomments&post=391"}],"version-history":[{"count":11,"href":"https:\/\/fdp-bad-mergentheim.de\/index.php?rest_route=\/wp\/v2\/pages\/391\/revisions"}],"predecessor-version":[{"id":516,"href":"https:\/\/fdp-bad-mergentheim.de\/index.php?rest_route=\/wp\/v2\/pages\/391\/revisions\/516"}],"wp:attachment":[{"href":"https:\/\/fdp-bad-mergentheim.de\/index.php?rest_route=%2Fwp%2Fv2%2Fmedia&parent=391"}],"curies":[{"name":"wp","href":"https:\/\/api.w.org\/{rel}","templated":true}]}}